{"id":91,"date":"2018-07-27T14:54:38","date_gmt":"2018-07-27T14:54:38","guid":{"rendered":"http:\/\/gasthaus-binder.at\/?page_id=91"},"modified":"2018-07-29T13:05:05","modified_gmt":"2018-07-29T13:05:05","slug":"impressum","status":"publish","type":"page","link":"https:\/\/gasthaus-binder.at\/?page_id=91","title":{"rendered":"Impressum"},"content":{"rendered":"<p class=\"adsimple-221068880\">Informationspflicht laut \u00a75 E-Commerce Gesetz, \u00a714 Unternehmensgesetzbuch, \u00a763 Gewerbeordnung und Offenlegungspflicht laut \u00a725 Mediengesetz.<\/p>\n<p class=\"adsimple-221068880\">Gasthaus Binder<br \/>\nInhaber: Karin Braun e.U.<br \/>\nJ\u00e4gergrund 2<br \/>\n2304 Orth an der Donau<br \/>\n\u00d6sterreich<\/p>\n<p class=\"adsimple-221068880\"><strong>Unternehmensgegenstand:<\/strong>\u00a0Gastronomie<br \/>\n<strong>UID-Nummer:<\/strong>\u00a0ATU62810836<br \/>\n<strong>Firmenbuchnummer:<\/strong>\u00a0FN 461673g<br \/>\n<strong>Firmenbuchgericht:<\/strong>\u00a0Landesgericht Korneuburg<br \/>\n<strong>Firmensitz:<\/strong>\u00a02304 Orth an der Donau<\/p>\n<p class=\"adsimple-221068880\"><strong>Tel.:<\/strong>\u00a002212\/2252<\/p>\n<p class=\"adsimple-221068880\"><strong>Mitglied bei:<\/strong>\u00a0Wirtschaftskammer Nieder\u00f6sterreich<\/p>\n<p class=\"adsimple-221068880\"><strong>Aufsichtsbeh\u00f6rde\/Gewerbebeh\u00f6rde:<\/strong>\u00a0Bezirkshauptmannschaft G\u00e4nserndorf<br \/>\n<strong>Verleihungsstaat:<\/strong>\u00a0\u00d6sterreich<\/p>\n<p>&nbsp;<\/p>\n<h1 class=\"adsimple-221068880\">Datenschutzerkl\u00e4rung<\/h1>\n<h2 class=\"adsimple-221068880\">Google Maps Datenschutzerkl\u00e4rung<\/h2>\n<p>Wir verwenden Google Maps der Firma Google Inc. (1600 Amphitheatre Parkway Mountain View, CA 94043, USA) auf unserer Webseite.<\/p>\n<p>Durch die Nutzung der Funktionen dieser Karte werden Daten an Google \u00fcbertragen. Welche Daten von Google erfasst werden und wof\u00fcr diese Daten verwendet werden, k\u00f6nnen Sie auf\u00a0<a class=\"adsimple-221068880\" href=\"https:\/\/www.google.com\/intl\/de\/policies\/privacy\/\" rel=\"nofollow\">https:\/\/www.google.com\/intl\/de\/policies\/privacy\/<\/a>\u00a0nachlesen.<\/p>\n","protected":false},"excerpt":{"rendered":"<p>Informationspflicht laut \u00a75 E-Commerce Gesetz, \u00a714 Unternehmensgesetzbuch, \u00a763 Gewerbeordnung und Offenlegungspflicht laut \u00a725 Mediengesetz. Gasthaus Binder Inhaber: Karin Braun e.U.<\/p>\n","protected":false},"author":1,"featured_media":0,"parent":0,"menu_order":0,"comment_status":"closed","ping_status":"closed","template":"","meta":{"footnotes":""},"class_list":["post-91","page","type-page","status-publish","hentry"],"jetpack_sharing_enabled":true,"_links":{"self":[{"href":"https:\/\/gasthaus-binder.at\/index.php?rest_route=\/wp\/v2\/pages\/91","targetHints":{"allow":["GET"]}}],"collection":[{"href":"https:\/\/gasthaus-binder.at\/index.php?rest_route=\/wp\/v2\/pages"}],"about":[{"href":"https:\/\/gasthaus-binder.at\/index.php?rest_route=\/wp\/v2\/types\/page"}],"author":[{"embeddable":true,"href":"https:\/\/gasthaus-binder.at\/index.php?rest_route=\/wp\/v2\/users\/1"}],"replies":[{"embeddable":true,"href":"https:\/\/gasthaus-binder.at\/index.php?rest_route=%2Fwp%2Fv2%2Fcomments&post=91"}],"version-history":[{"count":4,"href":"https:\/\/gasthaus-binder.at\/index.php?rest_route=\/wp\/v2\/pages\/91\/revisions"}],"predecessor-version":[{"id":109,"href":"https:\/\/gasthaus-binder.at\/index.php?rest_route=\/wp\/v2\/pages\/91\/revisions\/109"}],"wp:attachment":[{"href":"https:\/\/gasthaus-binder.at\/index.php?rest_route=%2Fwp%2Fv2%2Fmedia&parent=91"}],"curies":[{"name":"wp","href":"https:\/\/api.w.org\/{rel}","templated":true}]}}