{"id":4,"date":"2018-07-21T06:46:54","date_gmt":"2018-07-21T06:46:54","guid":{"rendered":"http:\/\/gasthaus-binder.at\/?page_id=4"},"modified":"2026-02-12T16:40:13","modified_gmt":"2026-02-12T16:40:13","slug":"neue-webseite","status":"publish","type":"page","link":"https:\/\/gasthaus-binder.at\/","title":{"rendered":""},"content":{"rendered":"\t\t<div data-elementor-type=\"wp-page\" data-elementor-id=\"4\" class=\"elementor elementor-4\">\n\t\t\t\t\t\t<section class=\"elementor-section elementor-top-section elementor-element elementor-element-4c610e8d elementor-section-boxed elementor-section-height-default elementor-section-height-default\" data-id=\"4c610e8d\" data-element_type=\"section\">\n\t\t\t\t\t\t<div class=\"elementor-container elementor-column-gap-default\">\n\t\t\t\t\t<div class=\"elementor-column elementor-col-100 elementor-top-column elementor-element elementor-element-21169606\" data-id=\"21169606\" data-element_type=\"column\">\n\t\t\t<div class=\"elementor-widget-wrap elementor-element-populated\">\n\t\t\t\t\t\t<div class=\"elementor-element elementor-element-af5454a elementor-widget elementor-widget-text-editor\" data-id=\"af5454a\" data-element_type=\"widget\" data-widget_type=\"text-editor.default\">\n\t\t\t\t<div class=\"elementor-widget-container\">\n\t\t\t\t\t\t\t\t\t<p>\u00a0<\/p>\n<p><span style=\"font-size: 18pt;\">\u00a0<span style=\"text-decoration: underline;\"><strong>Unsere \u00d6ffnungszeiten :<\/strong><\/span><\/span><\/p>\n<p><\/p>\n<p><\/p>\n<p style=\"font-size: 22px;\"><strong>April bis September<\/strong> &#8211; <strong>Sommer\u00f6ffnungszeiten<\/strong><\/p>\n<p><\/p>\n<p class=\"has-medium-font-size\">Mittwoch bis Sonntag von 8 bis 22 Uhr (K\u00fcche bis 21 Uhr) ge\u00f6ffnet<\/p>\n<p><\/p>\n<p class=\"has-medium-font-size\">Montag und Dienstag Ruhetag (au\u00dfer Feiertage)<\/p>\n<p><\/p>\n<p style=\"font-size: 22px;\"><strong>Oktober bis M\u00e4rz &#8211; Winter\u00f6ffnungszeiten<\/strong><\/p>\n<p><\/p>\n<p class=\"has-medium-font-size\">Donnerstag bis Sonntag 8 bis 22 Uhr (K\u00fcche bis 21 Uhr)<\/p>\n<p><\/p>\n<p class=\"has-medium-font-size\">Montag , Dienstag und Mittwoch Ruhetag (au\u00dfer Feiertag)<\/p>\n<p><\/p>\n<p class=\"has-medium-font-size\">\u00a0<\/p>\n<p><\/p>\n<p><\/p>\n<p>Wir akzeptieren <strong>KARTENZAHLUNG<\/strong> !<\/p>\n<p><\/p>\n<p><strong>Reservierungen sind nur telefonisch unter 02212\/2252 m\u00f6glich.<\/strong><\/p>\n<p><\/p>\n<p>Ihr Hund (ihre Hunde ) ist \/ sind\u00a0 bei uns Herzlich Willkommen. Geben sie gerne bei ihrer Reservierung bekannt wenn sie mit ihrem Liebling kommen, wir werden sicher ein angenehmes Pl\u00e4tzchen finden.<\/p>\n<p><\/p>\n<p>\u00a0<\/p>\n<p><\/p>\n<p><\/p>\n<p><\/p>\n<p><\/p>\n<p><\/p>\t\t\t\t\t\t\t\t<\/div>\n\t\t\t\t<\/div>\n\t\t\t\t\t<\/div>\n\t\t<\/div>\n\t\t\t\t\t<\/div>\n\t\t<\/section>\n\t\t\t\t<section class=\"elementor-section elementor-top-section elementor-element elementor-element-64a9c06 elementor-section-boxed elementor-section-height-default elementor-section-height-default\" data-id=\"64a9c06\" data-element_type=\"section\">\n\t\t\t\t\t\t<div class=\"elementor-container elementor-column-gap-default\">\n\t\t\t\t\t<div class=\"elementor-column elementor-col-100 elementor-top-column elementor-element elementor-element-3d0b776\" data-id=\"3d0b776\" data-element_type=\"column\">\n\t\t\t<div class=\"elementor-widget-wrap elementor-element-populated\">\n\t\t\t\t\t\t<div class=\"elementor-element elementor-element-3ce06f2 elementor-widget elementor-widget-spacer\" data-id=\"3ce06f2\" data-element_type=\"widget\" data-widget_type=\"spacer.default\">\n\t\t\t\t<div class=\"elementor-widget-container\">\n\t\t\t\t\t\t\t<div class=\"elementor-spacer\">\n\t\t\t<div class=\"elementor-spacer-inner\"><\/div>\n\t\t<\/div>\n\t\t\t\t\t\t<\/div>\n\t\t\t\t<\/div>\n\t\t\t\t\t<\/div>\n\t\t<\/div>\n\t\t\t\t\t<\/div>\n\t\t<\/section>\n\t\t\t\t<\/div>\n\t\t","protected":false},"excerpt":{"rendered":"<p>\u00a0Unsere \u00d6ffnungszeiten : April bis September &#8211; Sommer\u00f6ffnungszeiten Mittwoch bis Sonntag von 8 bis 22 Uhr (K\u00fcche bis 21 Uhr)<\/p>\n","protected":false},"author":1,"featured_media":0,"parent":0,"menu_order":0,"comment_status":"closed","ping_status":"closed","template":"","meta":{"footnotes":""},"class_list":["post-4","page","type-page","status-publish","hentry"],"jetpack_sharing_enabled":true,"_links":{"self":[{"href":"https:\/\/gasthaus-binder.at\/index.php?rest_route=\/wp\/v2\/pages\/4","targetHints":{"allow":["GET"]}}],"collection":[{"href":"https:\/\/gasthaus-binder.at\/index.php?rest_route=\/wp\/v2\/pages"}],"about":[{"href":"https:\/\/gasthaus-binder.at\/index.php?rest_route=\/wp\/v2\/types\/page"}],"author":[{"embeddable":true,"href":"https:\/\/gasthaus-binder.at\/index.php?rest_route=\/wp\/v2\/users\/1"}],"replies":[{"embeddable":true,"href":"https:\/\/gasthaus-binder.at\/index.php?rest_route=%2Fwp%2Fv2%2Fcomments&post=4"}],"version-history":[{"count":98,"href":"https:\/\/gasthaus-binder.at\/index.php?rest_route=\/wp\/v2\/pages\/4\/revisions"}],"predecessor-version":[{"id":436,"href":"https:\/\/gasthaus-binder.at\/index.php?rest_route=\/wp\/v2\/pages\/4\/revisions\/436"}],"wp:attachment":[{"href":"https:\/\/gasthaus-binder.at\/index.php?rest_route=%2Fwp%2Fv2%2Fmedia&parent=4"}],"curies":[{"name":"wp","href":"https:\/\/api.w.org\/{rel}","templated":true}]}}