{"id":27,"date":"2018-07-23T10:50:14","date_gmt":"2018-07-23T10:50:14","guid":{"rendered":"http:\/\/gasthaus-binder.at\/?page_id=27"},"modified":"2026-03-04T11:28:57","modified_gmt":"2026-03-04T11:28:57","slug":"speisekarte","status":"publish","type":"page","link":"https:\/\/gasthaus-binder.at\/?page_id=27","title":{"rendered":"Speisekarte"},"content":{"rendered":"<p>Hier k\u00f6nnen Sie einfach und bequem von zu Hause aus unsere Speisekarte durchsehen. Diese beinhaltet neben Fischspezialit\u00e4ten, wie unseren \u00fcber die nieder\u00f6sterreichische Grenze hinaus bekannten Karpfen serbisch, auch \u00f6sterreichische Hausmannskost. Zus\u00e4tzlich zur Speisekarte bieten wir immer auch saisonale Speisen auf unserer Tageskarte an. Nicht zu vergessen sind unsere Desserts, wie die ber\u00fchmt ber\u00fcchtigte hausgemachte Cremeschnitte.<\/p>\n<p><strong>Um zur Speisekarte zu gelangen, einfach hier klicken:<\/strong><\/p>\n\n\n<div data-wp-interactive=\"core\/file\" class=\"wp-block-file\"><object data-wp-bind--hidden=\"!state.hasPdfPreview\" hidden class=\"wp-block-file__embed\" data=\"https:\/\/gasthaus-binder.at\/wp-content\/uploads\/2026\/03\/Speisekart-2026.pdf\" type=\"application\/pdf\" style=\"width:100%;height:600px\" aria-label=\"Einbettung von Speisekart 2026.\"><\/object><a id=\"wp-block-file--media-eb0cacf5-980e-4fdc-992a-96fe60458d46\" href=\"https:\/\/gasthaus-binder.at\/wp-content\/uploads\/2026\/03\/Speisekart-2026.pdf\">Speisekart 2026<\/a><\/div>\n","protected":false},"excerpt":{"rendered":"<p>Hier k\u00f6nnen Sie einfach und bequem von zu Hause aus unsere Speisekarte durchsehen. Diese beinhaltet neben Fischspezialit\u00e4ten, wie unseren \u00fcber<\/p>\n","protected":false},"author":1,"featured_media":0,"parent":0,"menu_order":0,"comment_status":"closed","ping_status":"closed","template":"","meta":{"footnotes":""},"class_list":["post-27","page","type-page","status-publish","hentry"],"jetpack_sharing_enabled":true,"_links":{"self":[{"href":"https:\/\/gasthaus-binder.at\/index.php?rest_route=\/wp\/v2\/pages\/27","targetHints":{"allow":["GET"]}}],"collection":[{"href":"https:\/\/gasthaus-binder.at\/index.php?rest_route=\/wp\/v2\/pages"}],"about":[{"href":"https:\/\/gasthaus-binder.at\/index.php?rest_route=\/wp\/v2\/types\/page"}],"author":[{"embeddable":true,"href":"https:\/\/gasthaus-binder.at\/index.php?rest_route=\/wp\/v2\/users\/1"}],"replies":[{"embeddable":true,"href":"https:\/\/gasthaus-binder.at\/index.php?rest_route=%2Fwp%2Fv2%2Fcomments&post=27"}],"version-history":[{"count":10,"href":"https:\/\/gasthaus-binder.at\/index.php?rest_route=\/wp\/v2\/pages\/27\/revisions"}],"predecessor-version":[{"id":440,"href":"https:\/\/gasthaus-binder.at\/index.php?rest_route=\/wp\/v2\/pages\/27\/revisions\/440"}],"wp:attachment":[{"href":"https:\/\/gasthaus-binder.at\/index.php?rest_route=%2Fwp%2Fv2%2Fmedia&parent=27"}],"curies":[{"name":"wp","href":"https:\/\/api.w.org\/{rel}","templated":true}]}}