{"id":115,"date":"2018-09-29T12:11:53","date_gmt":"2018-09-29T12:11:53","guid":{"rendered":"http:\/\/gasthaus-binder.at\/?page_id=115"},"modified":"2024-01-09T17:24:01","modified_gmt":"2024-01-09T17:24:01","slug":"freie-arbeitsplaetze","status":"publish","type":"page","link":"https:\/\/gasthaus-binder.at\/?page_id=115","title":{"rendered":"Saisonale Angebote"},"content":{"rendered":"<p>Liebe G\u00e4ste!<\/p>\n<p>In unserem Gasthaus gibt es selbstverst\u00e4ndlich auch von der Jahreszeit abh\u00e4ngig verschiedene saisonale Spezialit\u00e4ten. So geh\u00f6ren diverse Spargel-, B\u00e4rlauch-, Pilz-, Wildgerichte ebenso zu unserem Angebot wie Martinigans und vieles mehr.<\/p>\n","protected":false},"excerpt":{"rendered":"<p>Liebe G\u00e4ste! In unserem Gasthaus gibt es selbstverst\u00e4ndlich auch von der Jahreszeit abh\u00e4ngig verschiedene saisonale Spezialit\u00e4ten. So geh\u00f6ren diverse Spargel-,<\/p>\n","protected":false},"author":1,"featured_media":0,"parent":0,"menu_order":0,"comment_status":"closed","ping_status":"closed","template":"","meta":{"footnotes":""},"class_list":["post-115","page","type-page","status-publish","hentry"],"jetpack_sharing_enabled":true,"_links":{"self":[{"href":"https:\/\/gasthaus-binder.at\/index.php?rest_route=\/wp\/v2\/pages\/115","targetHints":{"allow":["GET"]}}],"collection":[{"href":"https:\/\/gasthaus-binder.at\/index.php?rest_route=\/wp\/v2\/pages"}],"about":[{"href":"https:\/\/gasthaus-binder.at\/index.php?rest_route=\/wp\/v2\/types\/page"}],"author":[{"embeddable":true,"href":"https:\/\/gasthaus-binder.at\/index.php?rest_route=\/wp\/v2\/users\/1"}],"replies":[{"embeddable":true,"href":"https:\/\/gasthaus-binder.at\/index.php?rest_route=%2Fwp%2Fv2%2Fcomments&post=115"}],"version-history":[{"count":12,"href":"https:\/\/gasthaus-binder.at\/index.php?rest_route=\/wp\/v2\/pages\/115\/revisions"}],"predecessor-version":[{"id":378,"href":"https:\/\/gasthaus-binder.at\/index.php?rest_route=\/wp\/v2\/pages\/115\/revisions\/378"}],"wp:attachment":[{"href":"https:\/\/gasthaus-binder.at\/index.php?rest_route=%2Fwp%2Fv2%2Fmedia&parent=115"}],"curies":[{"name":"wp","href":"https:\/\/api.w.org\/{rel}","templated":true}]}}